{"id":882,"date":"2026-02-17T16:20:17","date_gmt":"2026-02-17T16:20:17","guid":{"rendered":"https:\/\/explicitchopper.com\/?page_id=882"},"modified":"2026-03-09T19:39:57","modified_gmt":"2026-03-09T19:39:57","slug":"mentions-legales","status":"publish","type":"page","link":"https:\/\/explicitchopper.com\/en\/mentions-legales\/","title":{"rendered":"Legal Notices"},"content":{"rendered":"<div data-elementor-type=\"wp-page\" data-elementor-id=\"882\" class=\"elementor elementor-882\" data-elementor-post-type=\"page\">\n\t\t\t\t\t\t<section class=\"elementor-section elementor-top-section elementor-element elementor-element-df40140 elementor-section-boxed elementor-section-height-default elementor-section-height-default\" data-id=\"df40140\" data-element_type=\"section\" data-e-type=\"section\">\n\t\t\t\t\t\t<div class=\"elementor-container elementor-column-gap-default\">\n\t\t\t\t\t<div class=\"elementor-column elementor-col-100 elementor-top-column elementor-element elementor-element-14874ba\" data-id=\"14874ba\" data-element_type=\"column\" data-e-type=\"column\">\n\t\t\t<div class=\"elementor-widget-wrap elementor-element-populated\">\n\t\t\t\t\t\t<div class=\"elementor-element elementor-element-1315011 elementor-widget elementor-widget-heading\" data-id=\"1315011\" data-element_type=\"widget\" data-e-type=\"widget\" data-widget_type=\"heading.default\">\n\t\t\t\t\t<h2 class=\"elementor-heading-title elementor-size-default\">Legal Notices<\/h2>\t\t\t\t<\/div>\n\t\t\t\t<div class=\"elementor-element elementor-element-1cbb215 elementor-widget elementor-widget-text-editor\" data-id=\"1cbb215\" data-element_type=\"widget\" data-e-type=\"widget\" data-widget_type=\"text-editor.default\">\n\t\t\t\t\t\t\t\t\t<p>Conform\u00e9ment aux dispositions de la loi n\u00b0 2004-575 du 21 juin 2004 pour la confiance en l&rsquo;\u00e9conomie num\u00e9rique, il est pr\u00e9cis\u00e9 aux utilisateurs du site EXPLICITCHOPPER l&rsquo;identit\u00e9 des diff\u00e9rents intervenants dans le cadre de sa r\u00e9alisation et de son suivi.<\/p>\t\t\t\t\t\t\t\t<\/div>\n\t\t\t\t<div class=\"elementor-element elementor-element-d608ab3 elementor-widget elementor-widget-heading\" data-id=\"d608ab3\" data-element_type=\"widget\" data-e-type=\"widget\" data-widget_type=\"heading.default\">\n\t\t\t\t\t<h2 class=\"elementor-heading-title elementor-size-default\">Edition du site<\/h2>\t\t\t\t<\/div>\n\t\t\t\t<div class=\"elementor-element elementor-element-267cc50 elementor-widget elementor-widget-text-editor\" data-id=\"267cc50\" data-element_type=\"widget\" data-e-type=\"widget\" data-widget_type=\"text-editor.default\">\n\t\t\t\t\t\t\t\t\t<p>Le pr\u00e9sent site, accessible \u00e0 l\u2019URL www.explicitchopper.com (le \u00ab Site \u00bb), est \u00e9dit\u00e9 par :<\/p><p>Marc DEBET AUREJAC, r\u00e9sidant 22 Rue Sarah Bernhardt 33700 MERIGNAC, de nationalit\u00e9 Fran\u00e7aise (France), n\u00e9(e) le 29\/09\/1987.<\/p><p>Tous les \u00e9l\u00e9ments du site (textes, images, produits, logo, design) sont prot\u00e9g\u00e9s.<br data-start=\"1260\" data-end=\"1263\" \/>Toute reproduction est interdite sans autorisation \u00e9crite.<\/p><p>Le site est accessible 24h\/24, 7j\/7 sauf interruption pour maintenance ou cas de force majeure.<\/p>\t\t\t\t\t\t\t\t<\/div>\n\t\t\t\t<div class=\"elementor-element elementor-element-d5d47bd elementor-widget elementor-widget-heading\" data-id=\"d5d47bd\" data-element_type=\"widget\" data-e-type=\"widget\" data-widget_type=\"heading.default\">\n\t\t\t\t\t<h2 class=\"elementor-heading-title elementor-size-default\">H\u00e9bergement<\/h2>\t\t\t\t<\/div>\n\t\t\t\t<div class=\"elementor-element elementor-element-bbd94b7 elementor-widget elementor-widget-text-editor\" data-id=\"bbd94b7\" data-element_type=\"widget\" data-e-type=\"widget\" data-widget_type=\"text-editor.default\">\n\t\t\t\t\t\t\t\t\tLe Site est h\u00e9berg\u00e9 par la soci\u00e9t\u00e9 Hostinger International LTD, situ\u00e9 , (contact t\u00e9l\u00e9phonique ou email : https:\/\/www.hostinger.fr\/contact).\t\t\t\t\t\t\t\t<\/div>\n\t\t\t\t<div class=\"elementor-element elementor-element-903675e elementor-widget elementor-widget-heading\" data-id=\"903675e\" data-element_type=\"widget\" data-e-type=\"widget\" data-widget_type=\"heading.default\">\n\t\t\t\t\t<h2 class=\"elementor-heading-title elementor-size-default\">Directeur de publication <\/h2>\t\t\t\t<\/div>\n\t\t\t\t<div class=\"elementor-element elementor-element-138c4cc elementor-widget elementor-widget-text-editor\" data-id=\"138c4cc\" data-element_type=\"widget\" data-e-type=\"widget\" data-widget_type=\"text-editor.default\">\n\t\t\t\t\t\t\t\t\tLe Directeur de la publication du Site est Marc DEBET AUREJAC EI<br><br>Num\u00e9ro Siren : 992 099 838\t\t\t\t\t\t\t\t<\/div>\n\t\t\t\t<div class=\"elementor-element elementor-element-8860457 elementor-widget elementor-widget-heading\" data-id=\"8860457\" data-element_type=\"widget\" data-e-type=\"widget\" data-widget_type=\"heading.default\">\n\t\t\t\t\t<h2 class=\"elementor-heading-title elementor-size-default\">Responsabilit\u00e9<\/h2>\t\t\t\t<\/div>\n\t\t\t\t<div class=\"elementor-element elementor-element-b1f4b43 elementor-widget elementor-widget-text-editor\" data-id=\"b1f4b43\" data-element_type=\"widget\" data-e-type=\"widget\" data-widget_type=\"text-editor.default\">\n\t\t\t\t\t\t\t\t\t<p data-start=\"1344\" data-end=\"1388\">L\u2019\u00e9diteur ne saurait \u00eatre tenu responsable :<\/p><ul data-start=\"1389\" data-end=\"1549\"><li data-start=\"1389\" data-end=\"1437\"><p data-start=\"1391\" data-end=\"1437\">des dommages li\u00e9s \u00e0 l\u2019utilisation d\u2019internet<\/p><\/li><li data-start=\"1438\" data-end=\"1481\"><p data-start=\"1440\" data-end=\"1481\">d\u2019une mauvaise utilisation des produits<\/p><\/li><li data-start=\"1482\" data-end=\"1549\"><p data-start=\"1484\" data-end=\"1549\">d\u2019une incompatibilit\u00e9 des pi\u00e8ces avec certains mod\u00e8les de motos<\/p><\/li><\/ul>\t\t\t\t\t\t\t\t<\/div>\n\t\t\t\t<div class=\"elementor-element elementor-element-f079515 elementor-widget elementor-widget-heading\" data-id=\"f079515\" data-element_type=\"widget\" data-e-type=\"widget\" data-widget_type=\"heading.default\">\n\t\t\t\t\t<h2 class=\"elementor-heading-title elementor-size-default\">Nous contacter<\/h2>\t\t\t\t<\/div>\n\t\t\t\t<div class=\"elementor-element elementor-element-d39d957 elementor-widget elementor-widget-text-editor\" data-id=\"d39d957\" data-element_type=\"widget\" data-e-type=\"widget\" data-widget_type=\"text-editor.default\">\n\t\t\t\t\t\t\t\t\t<p>Par t\u00e9l\u00e9phone :\u200b<br \/>+33649284569<\/p><p>Par email :<br \/>contact@explicitchopper.com<\/p><p>Par courrier<br \/>EXPLICIT CHOPPER HANDMADE<br \/>22 Rue Sarah Bernhardt<br \/>33700 MERIGNAC<\/p>\t\t\t\t\t\t\t\t<\/div>\n\t\t\t\t<div class=\"elementor-element elementor-element-e2c6980 elementor-widget elementor-widget-heading\" data-id=\"e2c6980\" data-element_type=\"widget\" data-e-type=\"widget\" data-widget_type=\"heading.default\">\n\t\t\t\t\t<h2 class=\"elementor-heading-title elementor-size-default\">Donn\u00e9es personnelles<\/h2>\t\t\t\t<\/div>\n\t\t\t\t<div class=\"elementor-element elementor-element-b0b6a26 elementor-widget elementor-widget-text-editor\" data-id=\"b0b6a26\" data-element_type=\"widget\" data-e-type=\"widget\" data-widget_type=\"text-editor.default\">\n\t\t\t\t\t\t\t\t\t<p>Le traitement de vos donn\u00e9es \u00e0 caract\u00e8re personnel est r\u00e9gi par notre Charte du respect de la vie priv\u00e9e, disponible depuis la section \u00ab\u00a0<a style=\"color: #fb9c14;\" href=\"https:\/\/explicitchopper.com\/en\/privacy-policy\/\">Politique de confidentialit\u00e9<\/a>\u00ab\u00a0, conform\u00e9ment au R\u00e8glement G\u00e9n\u00e9ral sur la Protection des Donn\u00e9es 2016\/679 du 27 avril 2016 (\u00abRGPD\u00bb).<\/p><p data-start=\"1571\" data-end=\"1602\">L\u2019utilisateur est responsable :<\/p><ul data-start=\"1603\" data-end=\"1694\"><li data-start=\"1603\" data-end=\"1648\"><p data-start=\"1605\" data-end=\"1648\">de l\u2019exactitude des informations fournies<\/p><\/li><li data-start=\"1649\" data-end=\"1694\"><p data-start=\"1651\" data-end=\"1694\">de la confidentialit\u00e9 de ses identifiants<\/p><\/li><\/ul>\t\t\t\t\t\t\t\t<\/div>\n\t\t\t\t\t<\/div>\n\t\t<\/div>\n\t\t\t\t\t<\/div>\n\t\t<\/section>\n\t\t\t\t<\/div>","protected":false},"excerpt":{"rendered":"<p>Mentions L\u00e9gales Conform\u00e9ment aux dispositions de la loi n\u00b0 2004-575 du 21 juin 2004 pour la confiance en l&rsquo;\u00e9conomie num\u00e9rique, il est pr\u00e9cis\u00e9 aux utilisateurs du site EXPLICITCHOPPER l&rsquo;identit\u00e9 des diff\u00e9rents intervenants dans le cadre de sa r\u00e9alisation et de son suivi. Edition du site Le pr\u00e9sent site, accessible \u00e0 l\u2019URL www.explicitchopper.com (le \u00ab Site [&hellip;]<\/p>\n","protected":false},"author":1,"featured_media":0,"parent":0,"menu_order":0,"comment_status":"closed","ping_status":"closed","template":"","meta":{"footnotes":""},"class_list":["post-882","page","type-page","status-publish","hentry"],"_hostinger_reach_plugin_has_subscription_block":false,"_hostinger_reach_plugin_is_elementor":false,"jetpack_sharing_enabled":true,"_links":{"self":[{"href":"https:\/\/explicitchopper.com\/en\/wp-json\/wp\/v2\/pages\/882","targetHints":{"allow":["GET"]}}],"collection":[{"href":"https:\/\/explicitchopper.com\/en\/wp-json\/wp\/v2\/pages"}],"about":[{"href":"https:\/\/explicitchopper.com\/en\/wp-json\/wp\/v2\/types\/page"}],"author":[{"embeddable":true,"href":"https:\/\/explicitchopper.com\/en\/wp-json\/wp\/v2\/users\/1"}],"replies":[{"embeddable":true,"href":"https:\/\/explicitchopper.com\/en\/wp-json\/wp\/v2\/comments?post=882"}],"version-history":[{"count":49,"href":"https:\/\/explicitchopper.com\/en\/wp-json\/wp\/v2\/pages\/882\/revisions"}],"predecessor-version":[{"id":1691,"href":"https:\/\/explicitchopper.com\/en\/wp-json\/wp\/v2\/pages\/882\/revisions\/1691"}],"wp:attachment":[{"href":"https:\/\/explicitchopper.com\/en\/wp-json\/wp\/v2\/media?parent=882"}],"curies":[{"name":"wp","href":"https:\/\/api.w.org\/{rel}","templated":true}]}}