{"id":507,"date":"2026-02-02T16:00:04","date_gmt":"2026-02-02T16:00:04","guid":{"rendered":"https:\/\/explicitchopper.com\/?page_id=507"},"modified":"2026-04-29T08:31:40","modified_gmt":"2026-04-29T08:31:40","slug":"a-propos","status":"publish","type":"page","link":"https:\/\/explicitchopper.com\/en\/a-propos\/","title":{"rendered":"About"},"content":{"rendered":"<div data-elementor-type=\"wp-page\" data-elementor-id=\"507\" class=\"elementor elementor-507\" data-elementor-post-type=\"page\">\n\t\t\t\t\t\t<section class=\"elementor-section elementor-top-section elementor-element elementor-element-60a6c69 elementor-section-boxed elementor-section-height-default elementor-section-height-default\" data-id=\"60a6c69\" data-element_type=\"section\" data-e-type=\"section\">\n\t\t\t\t\t\t<div class=\"elementor-container elementor-column-gap-default\">\n\t\t\t\t\t<div class=\"elementor-column elementor-col-100 elementor-top-column elementor-element elementor-element-0bfba78\" data-id=\"0bfba78\" data-element_type=\"column\" data-e-type=\"column\">\n\t\t\t<div class=\"elementor-widget-wrap elementor-element-populated\">\n\t\t\t\t\t\t<div class=\"elementor-element elementor-element-2d32a93 elementor-widget elementor-widget-heading\" data-id=\"2d32a93\" data-element_type=\"widget\" data-e-type=\"widget\" data-widget_type=\"heading.default\">\n\t\t\t\t\t<h2 class=\"elementor-heading-title elementor-size-default\">About<\/h2>\t\t\t\t<\/div>\n\t\t\t\t<section class=\"elementor-section elementor-inner-section elementor-element elementor-element-bd135fd elementor-section-boxed elementor-section-height-default elementor-section-height-default\" data-id=\"bd135fd\" data-element_type=\"section\" data-e-type=\"section\">\n\t\t\t\t\t\t<div class=\"elementor-container elementor-column-gap-default\">\n\t\t\t\t\t<div class=\"elementor-column elementor-col-50 elementor-inner-column elementor-element elementor-element-6637359\" data-id=\"6637359\" data-element_type=\"column\" data-e-type=\"column\">\n\t\t\t<div class=\"elementor-widget-wrap elementor-element-populated\">\n\t\t\t\t\t\t<div class=\"elementor-element elementor-element-1e28b4c elementor-widget elementor-widget-image\" data-id=\"1e28b4c\" data-element_type=\"widget\" data-e-type=\"widget\" data-widget_type=\"image.default\">\n\t\t\t\t\t\t\t\t\t\t\t\t\t\t\t<img fetchpriority=\"high\" decoding=\"async\" width=\"800\" height=\"534\" src=\"https:\/\/explicitchopper.com\/wp-content\/uploads\/2026\/02\/PHOTO-2026-01-13-10-46-39-1024x683.jpg\" class=\"attachment-large size-large wp-image-1449\" alt=\"\" srcset=\"https:\/\/explicitchopper.com\/wp-content\/uploads\/2026\/02\/PHOTO-2026-01-13-10-46-39-1024x683.jpg 1024w, https:\/\/explicitchopper.com\/wp-content\/uploads\/2026\/02\/PHOTO-2026-01-13-10-46-39-300x200.jpg 300w, https:\/\/explicitchopper.com\/wp-content\/uploads\/2026\/02\/PHOTO-2026-01-13-10-46-39-768x512.jpg 768w, https:\/\/explicitchopper.com\/wp-content\/uploads\/2026\/02\/PHOTO-2026-01-13-10-46-39-1536x1024.jpg 1536w, https:\/\/explicitchopper.com\/wp-content\/uploads\/2026\/02\/PHOTO-2026-01-13-10-46-39-600x400.jpg 600w, https:\/\/explicitchopper.com\/wp-content\/uploads\/2026\/02\/PHOTO-2026-01-13-10-46-39.jpg 1600w\" sizes=\"(max-width: 800px) 100vw, 800px\" \/>\t\t\t\t\t\t\t\t\t\t\t\t\t\t\t<\/div>\n\t\t\t\t\t<\/div>\n\t\t<\/div>\n\t\t\t\t<div class=\"elementor-column elementor-col-50 elementor-inner-column elementor-element elementor-element-2a62b64\" data-id=\"2a62b64\" data-element_type=\"column\" data-e-type=\"column\">\n\t\t\t<div class=\"elementor-widget-wrap elementor-element-populated\">\n\t\t\t\t\t\t<div class=\"elementor-element elementor-element-f09c87c elementor-widget__width-initial elementor-widget elementor-widget-text-editor\" data-id=\"f09c87c\" data-element_type=\"widget\" data-e-type=\"widget\" data-widget_type=\"text-editor.default\">\n\t\t\t\t\t\t\t\t\t<p>Hi choppers addicts!<\/p><p>Let me introduce myself: I'm Marc, founder of EXPLICIT CHOPPER, and I've always been passionate about choppers and handmade parts.<\/p><p>With ExplicitChopper, I give you access to my expertise.<\/p><p>You can also request custom-made parts from me in aluminum or stainless steel casting.<\/p><p>See you soon on the road.<\/p>\t\t\t\t\t\t\t\t<\/div>\n\t\t\t\t<div class=\"elementor-element elementor-element-d920860 elementor-align-left elementor-widget__width-initial elementor-mobile-align-left elementor-widget elementor-widget-button\" data-id=\"d920860\" data-element_type=\"widget\" data-e-type=\"widget\" data-widget_type=\"button.default\">\n\t\t\t\t\t\t\t\t\t\t<a class=\"elementor-button elementor-button-link elementor-size-sm\" href=\"https:\/\/explicitchopper.com\/en\/contact\/\">\n\t\t\t\t\t\t<span class=\"elementor-button-content-wrapper\">\n\t\t\t\t\t\t\t\t\t<span class=\"elementor-button-text\">Contact<\/span>\n\t\t\t\t\t<\/span>\n\t\t\t\t\t<\/a>\n\t\t\t\t\t\t\t\t<\/div>\n\t\t\t\t<div class=\"elementor-element elementor-element-6e21a11 elementor-align-left elementor-widget__width-initial elementor-mobile-align-left elementor-widget elementor-widget-button\" data-id=\"6e21a11\" data-element_type=\"widget\" data-e-type=\"widget\" data-widget_type=\"button.default\">\n\t\t\t\t\t\t\t\t\t\t<a class=\"elementor-button elementor-button-link elementor-size-sm\" href=\"https:\/\/explicitchopper.com\/en\/\">\n\t\t\t\t\t\t<span class=\"elementor-button-content-wrapper\">\n\t\t\t\t\t\t\t\t\t<span class=\"elementor-button-text\">My Products<\/span>\n\t\t\t\t\t<\/span>\n\t\t\t\t\t<\/a>\n\t\t\t\t\t\t\t\t<\/div>\n\t\t\t\t\t<\/div>\n\t\t<\/div>\n\t\t\t\t\t<\/div>\n\t\t<\/section>\n\t\t\t\t\t<\/div>\n\t\t<\/div>\n\t\t\t\t\t<\/div>\n\t\t<\/section>\n\t\t\t\t<\/div>","protected":false},"excerpt":{"rendered":"<p>A propos Salut les choppers addicts Je me pr\u00e9sente, Marc, fondateur d&rsquo;EXPLICIT CHOPPER, passionn\u00e9 par les chops et les pi\u00e8ces faites \u00e0 la main depuis toujours. Avec ExplicitChopper, je vous donne acc\u00e8s \u00e0 mon savoir faire. Vous pouvez aussi me demander des pi\u00e8ces sur mesures en fonderie d&rsquo;aluminium ou inox. \u00c0 tr\u00e8s vite sur la [&hellip;]<\/p>\n","protected":false},"author":1,"featured_media":0,"parent":0,"menu_order":0,"comment_status":"closed","ping_status":"closed","template":"","meta":{"footnotes":""},"class_list":["post-507","page","type-page","status-publish","hentry"],"_hostinger_reach_plugin_has_subscription_block":false,"_hostinger_reach_plugin_is_elementor":false,"jetpack_sharing_enabled":true,"_links":{"self":[{"href":"https:\/\/explicitchopper.com\/en\/wp-json\/wp\/v2\/pages\/507","targetHints":{"allow":["GET"]}}],"collection":[{"href":"https:\/\/explicitchopper.com\/en\/wp-json\/wp\/v2\/pages"}],"about":[{"href":"https:\/\/explicitchopper.com\/en\/wp-json\/wp\/v2\/types\/page"}],"author":[{"embeddable":true,"href":"https:\/\/explicitchopper.com\/en\/wp-json\/wp\/v2\/users\/1"}],"replies":[{"embeddable":true,"href":"https:\/\/explicitchopper.com\/en\/wp-json\/wp\/v2\/comments?post=507"}],"version-history":[{"count":88,"href":"https:\/\/explicitchopper.com\/en\/wp-json\/wp\/v2\/pages\/507\/revisions"}],"predecessor-version":[{"id":1758,"href":"https:\/\/explicitchopper.com\/en\/wp-json\/wp\/v2\/pages\/507\/revisions\/1758"}],"wp:attachment":[{"href":"https:\/\/explicitchopper.com\/en\/wp-json\/wp\/v2\/media?parent=507"}],"curies":[{"name":"wp","href":"https:\/\/api.w.org\/{rel}","templated":true}]}}