{"id":3,"date":"2026-01-14T14:34:30","date_gmt":"2026-01-14T14:34:30","guid":{"rendered":"http:\/\/explicitchopper.com\/?page_id=3"},"modified":"2026-03-01T19:29:55","modified_gmt":"2026-03-01T19:29:55","slug":"privacy-policy","status":"publish","type":"page","link":"https:\/\/explicitchopper.com\/en\/privacy-policy\/","title":{"rendered":"Privacy Policy"},"content":{"rendered":"<div data-elementor-type=\"wp-page\" data-elementor-id=\"3\" class=\"elementor elementor-3\" data-elementor-post-type=\"page\">\n\t\t\t\t\t\t<section class=\"elementor-section elementor-top-section elementor-element elementor-element-074caf0 elementor-section-boxed elementor-section-height-default elementor-section-height-default\" data-id=\"074caf0\" data-element_type=\"section\" data-e-type=\"section\">\n\t\t\t\t\t\t<div class=\"elementor-container elementor-column-gap-default\">\n\t\t\t\t\t<div class=\"elementor-column elementor-col-100 elementor-top-column elementor-element elementor-element-3cc79e2\" data-id=\"3cc79e2\" data-element_type=\"column\" data-e-type=\"column\">\n\t\t\t<div class=\"elementor-widget-wrap elementor-element-populated\">\n\t\t\t\t\t\t<div class=\"elementor-element elementor-element-df8123d elementor-widget elementor-widget-heading\" data-id=\"df8123d\" data-element_type=\"widget\" data-e-type=\"widget\" data-widget_type=\"heading.default\">\n\t\t\t\t\t<h2 class=\"elementor-heading-title elementor-size-default\">Politique de confidentialit\u00e9<\/h2>\t\t\t\t<\/div>\n\t\t\t\t<div class=\"elementor-element elementor-element-d28a997 elementor-widget elementor-widget-heading\" data-id=\"d28a997\" data-element_type=\"widget\" data-e-type=\"widget\" data-widget_type=\"heading.default\">\n\t\t\t\t\t<h2 class=\"elementor-heading-title elementor-size-default\">Article 1<\/h2>\t\t\t\t<\/div>\n\t\t\t\t<div class=\"elementor-element elementor-element-e8ca9fb elementor-widget elementor-widget-heading\" data-id=\"e8ca9fb\" data-element_type=\"widget\" data-e-type=\"widget\" data-widget_type=\"heading.default\">\n\t\t\t\t\t<h2 class=\"elementor-heading-title elementor-size-default\">PR\u00c9AMBULE<\/h2>\t\t\t\t<\/div>\n\t\t\t\t<div class=\"elementor-element elementor-element-81ea5dd elementor-widget elementor-widget-text-editor\" data-id=\"81ea5dd\" data-element_type=\"widget\" data-e-type=\"widget\" data-widget_type=\"text-editor.default\">\n\t\t\t\t\t\t\t\t\tLa pr\u00e9sente politique de confidentialit\u00e9 a pour but d\u2019informer les utilisateurs du site : <br><br>\n\n\u2022 Sur la mani\u00e8re dont sont collect\u00e9es leurs donn\u00e9es personnelles. <br><br>Sont consid\u00e9r\u00e9es comme des donn\u00e9es personnelles, toute information permettant d\u2019identifier un utilisateur. A ce titre, il peut s\u2019agir : de ses noms et pr\u00e9noms, de son \u00e2ge, de son adresse postale ou email, de sa localisation ou encore de son adresse IP (liste non-exhaustive) ; <br><br>\n\u2022 Sur les droits dont ils disposent concernant ces donn\u00e9es ;  <br><br>\n\u2022 Sur la personne responsable du traitement des donn\u00e9es \u00e0 caract\u00e8re personnel collect\u00e9es et trait\u00e9es ;  <br><br>\n\u2022 Sur les destinataires de ces donn\u00e9es personnelles ;  <br><br>\n\u2022 Sur la politique du site en mati\u00e8re de cookies.  <br><br>\n\nCette politique compl\u00e8te les mentions l\u00e9gales consultables par les utilisateurs \u00e0 l\u2019adresse suivante :  <br><br>\n\nwww.explicitchopper.com\t\t\t\t\t\t\t\t<\/div>\n\t\t\t\t<div class=\"elementor-element elementor-element-7374e4d elementor-widget elementor-widget-heading\" data-id=\"7374e4d\" data-element_type=\"widget\" data-e-type=\"widget\" data-widget_type=\"heading.default\">\n\t\t\t\t\t<h2 class=\"elementor-heading-title elementor-size-default\">Article 2<\/h2>\t\t\t\t<\/div>\n\t\t\t\t<div class=\"elementor-element elementor-element-1b0287a elementor-widget elementor-widget-heading\" data-id=\"1b0287a\" data-element_type=\"widget\" data-e-type=\"widget\" data-widget_type=\"heading.default\">\n\t\t\t\t\t<h2 class=\"elementor-heading-title elementor-size-default\">PRINCIPES RELATIFS \u00c0 LA COLLECTE ET AU TRAITEMENT DES DONN\u00c9ES PERSONNELLES<\/h2>\t\t\t\t<\/div>\n\t\t\t\t<div class=\"elementor-element elementor-element-f60a47c elementor-widget elementor-widget-text-editor\" data-id=\"f60a47c\" data-element_type=\"widget\" data-e-type=\"widget\" data-widget_type=\"text-editor.default\">\n\t\t\t\t\t\t\t\t\tConform\u00e9ment \u00e0 l\u2019article 5 du R\u00e8glement europ\u00e9en 2016\/679, les donn\u00e9es \u00e0 caract\u00e8re personnel sont :  <br><br>\n\u2022 Trait\u00e9es de mani\u00e8re licite, loyale et transparente au regard de la personne concern\u00e9e ; <br><br>\n\u2022 Collect\u00e9es pour des finalit\u00e9s d\u00e9termin\u00e9es (cf. Article 3.1 des pr\u00e9sentes), explicites et l\u00e9gitimes, et ne pas \u00eatre trait\u00e9es ult\u00e9rieurement d&rsquo;une mani\u00e8re incompatible avec ces finalit\u00e9s ; <br><br>\n\u2022 Ad\u00e9quates, pertinentes et limit\u00e9es \u00e0 ce qui est n\u00e9cessaire au regard des finalit\u00e9s pour lesquelles elles sont trait\u00e9es ; <br><br>\n\u2022 Exactes et, si n\u00e9cessaire, tenues \u00e0 jour. Toutes les mesures raisonnables doivent \u00eatre prises pour que les donn\u00e9es \u00e0 caract\u00e8re personnel qui sont inexactes, eu \u00e9gard aux finalit\u00e9s pour lesquelles elles sont trait\u00e9es, soient effac\u00e9es ou rectifi\u00e9es sans tarder ;  <br><br>\n\u2022 Conserv\u00e9es sous une forme permettant l&rsquo;identification des personnes concern\u00e9es pendant une dur\u00e9e n&rsquo;exc\u00e9dant pas celle n\u00e9cessaire au regard des finalit\u00e9s pour lesquelles elles sont trait\u00e9es ; <br><br>\n\u2022 Trait\u00e9es de fa\u00e7on \u00e0 garantir une s\u00e9curit\u00e9 appropri\u00e9e des donn\u00e9es collect\u00e9es, y compris la protection contre le traitement non autoris\u00e9 ou illicite et contre la perte, la destruction ou les d\u00e9g\u00e2ts d&rsquo;origine accidentelle, \u00e0 l&rsquo;aide de mesures techniques ou organisationnelles appropri\u00e9es.  <br><br>\nLe traitement n&rsquo;est licite que si, et dans la mesure o\u00f9, au moins une des conditions suivantes est remplie : <br><br>\n\u2022 La personne concern\u00e9e a consenti au traitement de ses donn\u00e9es \u00e0 caract\u00e8re personnel pour une ou plusieurs finalit\u00e9s sp\u00e9cifiques ;<br><br>\n\u2022 Le traitement est n\u00e9cessaire \u00e0 l&rsquo;ex\u00e9cution d&rsquo;un contrat auquel la personne concern\u00e9e est partie ou \u00e0 l&rsquo;ex\u00e9cution de mesures pr\u00e9contractuelles prises \u00e0 la demande de celle-ci ; <br><br>\n\u2022 Le traitement est n\u00e9cessaire au respect d&rsquo;une obligation l\u00e9gale \u00e0 laquelle le responsable du traitement est soumis ; <br><br>\n\u2022 Le traitement est n\u00e9cessaire \u00e0 la sauvegarde des int\u00e9r\u00eats vitaux de la personne concern\u00e9e ou d&rsquo;une autre personne physique ; <br><br>\n\u2022 Le traitement est n\u00e9cessaire \u00e0 l&rsquo;ex\u00e9cution d&rsquo;une mission d&rsquo;int\u00e9r\u00eat public ou relevant de l&rsquo;exercice de l&rsquo;autorit\u00e9 publique dont est investi le responsable du traitement ; <br><br>\n\u2022 Le traitement est n\u00e9cessaire aux fins des int\u00e9r\u00eats l\u00e9gitimes poursuivis par le responsable du traitement ou par un tiers, \u00e0 moins que ne pr\u00e9valent les int\u00e9r\u00eats ou les libert\u00e9s et droits fondamentaux de la personne concern\u00e9e qui exigent une protection des donn\u00e9es \u00e0 caract\u00e8re personnel, notamment lorsque la personne concern\u00e9e est un enfant. \t\t\t\t\t\t\t\t<\/div>\n\t\t\t\t<div class=\"elementor-element elementor-element-449ab55 elementor-widget elementor-widget-heading\" data-id=\"449ab55\" data-element_type=\"widget\" data-e-type=\"widget\" data-widget_type=\"heading.default\">\n\t\t\t\t\t<h2 class=\"elementor-heading-title elementor-size-default\">Article 3<\/h2>\t\t\t\t<\/div>\n\t\t\t\t<div class=\"elementor-element elementor-element-c93e968 elementor-widget elementor-widget-heading\" data-id=\"c93e968\" data-element_type=\"widget\" data-e-type=\"widget\" data-widget_type=\"heading.default\">\n\t\t\t\t\t<h2 class=\"elementor-heading-title elementor-size-default\">DONN\u00c9ES \u00c0 CARACT\u00c8RE PERSONNEL COLLECT\u00c9ES ET TRAIT\u00c9ES DANS LE CADRE DE LA NAVIGATION SUR LE SITE \u200b<\/h2>\t\t\t\t<\/div>\n\t\t\t\t<div class=\"elementor-element elementor-element-32d5a03 elementor-widget elementor-widget-text-editor\" data-id=\"32d5a03\" data-element_type=\"widget\" data-e-type=\"widget\" data-widget_type=\"text-editor.default\">\n\t\t\t\t\t\t\t\t\tArticle 3.1 : Donn\u00e9es collect\u00e9es Les donn\u00e9es personnelles collect\u00e9es dans le cadre de notre activit\u00e9 sont les suivantes :&nbsp;&nbsp;<br><br>\n\n&#8211; Nom<br>\n&#8211; Pr\u00e9nom<br>\n&#8211; Email<br>\n&#8211; Commentaire ou message<br><br>\n\nLa collecte et le traitement de ces donn\u00e9es r\u00e9pond \u00e0 la (aux) finalit\u00e9(s) suivante(s) :&nbsp;&nbsp;<br><br>\n\n&#8211; Prise de contact client\u00e8le<br><br>\n\nArticle 3.2 : H\u00e9bergement des donn\u00e9es Le site nilsiteweb.fr  est h\u00e9berg\u00e9 par :&nbsp;&nbsp;<br><br>\n<span class=\"elementor-heading-title elementor-size-default elementor-inline-editing pen\" data-elementor-setting-key=\"title\" data-pen-placeholder=\"\u00c9crivez ici...\" style=\"margin-block: 0.5rem 1rem; letter-spacing: normal;\">Le Site est h\u00e9berg\u00e9 par la soci\u00e9t\u00e9 Hostinger International LTD, situ\u00e9 , (contact t\u00e9l\u00e9phonique ou email : https:\/\/www.hostinger.fr\/contact)<\/span>\t\t\t\t\t\t\t\t<\/div>\n\t\t\t\t<div class=\"elementor-element elementor-element-b825a89 elementor-widget elementor-widget-heading\" data-id=\"b825a89\" data-element_type=\"widget\" data-e-type=\"widget\" data-widget_type=\"heading.default\">\n\t\t\t\t\t<h2 class=\"elementor-heading-title elementor-size-default\">Article 4<\/h2>\t\t\t\t<\/div>\n\t\t\t\t<div class=\"elementor-element elementor-element-ea5ae5e elementor-widget elementor-widget-heading\" data-id=\"ea5ae5e\" data-element_type=\"widget\" data-e-type=\"widget\" data-widget_type=\"heading.default\">\n\t\t\t\t\t<h2 class=\"elementor-heading-title elementor-size-default\">RESPONSABLE DU TRAITEMENT DES DONN\u00c9ES ET D\u00c9L\u00c9GU\u00c9 \u00c0 LA PROTECTION DES DONN\u00c9ES\u00a0<\/h2>\t\t\t\t<\/div>\n\t\t\t\t<div class=\"elementor-element elementor-element-ff96320 elementor-widget elementor-widget-text-editor\" data-id=\"ff96320\" data-element_type=\"widget\" data-e-type=\"widget\" data-widget_type=\"text-editor.default\">\n\t\t\t\t\t\t\t\t\t<p>Les donn\u00e9es \u00e0 caract\u00e8re personnelles sont collect\u00e9es par nilsiteweb, repr\u00e9sent\u00e9(e) par Marc DEBET AUREJAC d\u00fbment habilit\u00e9(e).<br \/><br \/>Le responsable du traitement des donn\u00e9es \u00e0 caract\u00e8re personnel peut \u00eatre contact\u00e9 de la mani\u00e8re suivante :\u00a0\u00a0<\/p><br \/>\nPar t\u00e9l\u00e9phone :\u200b<br \/>+33649284569<br \/><br \/>Par email :<br \/>contact@explicitchopper.com<br \/><br \/>Par courrier<br \/>EXPLICIT CHOPPER HANDMADE<br \/>22 Rue Sarah Bernhardt<br \/>33700 MERIGNAC \t\t\t\t\t\t\t\t<\/div>\n\t\t\t\t<div class=\"elementor-element elementor-element-23c0056 elementor-widget elementor-widget-heading\" data-id=\"23c0056\" data-element_type=\"widget\" data-e-type=\"widget\" data-widget_type=\"heading.default\">\n\t\t\t\t\t<h2 class=\"elementor-heading-title elementor-size-default\">Article 5<\/h2>\t\t\t\t<\/div>\n\t\t\t\t<div class=\"elementor-element elementor-element-f05841f elementor-widget elementor-widget-heading\" data-id=\"f05841f\" data-element_type=\"widget\" data-e-type=\"widget\" data-widget_type=\"heading.default\">\n\t\t\t\t\t<h2 class=\"elementor-heading-title elementor-size-default\">LES DROITS DE L\u2019UTILISATEUR EN MATI\u00c8RE DE COLLECTE ET DE TRAITEMENT DES DONN\u00c9ES\u00a0<\/h2>\t\t\t\t<\/div>\n\t\t\t\t<div class=\"elementor-element elementor-element-2cfc873 elementor-widget elementor-widget-text-editor\" data-id=\"2cfc873\" data-element_type=\"widget\" data-e-type=\"widget\" data-widget_type=\"text-editor.default\">\n\t\t\t\t\t\t\t\t\tTout utilisateur concern\u00e9 par le traitement de ses donn\u00e9es personnelles peut se pr\u00e9valoir des droits suivants, en application du r\u00e8glement europ\u00e9en 2016\/679 et de la Loi Informatique et Libert\u00e9 (Loi 78-17 du 6 janvier 1978) :&nbsp;&nbsp;<br><br>\n\n\u2022 Droit d\u2019acc\u00e8s, de rectification et droit \u00e0 l\u2019effacement des donn\u00e9es (pos\u00e9s respectivement aux articles 15, 16 et 17 du RGPD) ;&nbsp;&nbsp;<br><br>\n\u2022 Droit \u00e0 la portabilit\u00e9 des donn\u00e9es (article 20 du RGPD) ;&nbsp;<br><br>\n\u2022 Droit \u00e0 la limitation (article 18 du RGPD) et \u00e0 l\u2019opposition du traitement des donn\u00e9es (article 21 du RGPD) ;&nbsp;&nbsp;<br><br>\n\u2022 Droit de ne pas faire l\u2019objet d\u2019une d\u00e9cision fond\u00e9e exclusivement sur un proc\u00e9d\u00e9 automatis\u00e9 ;&nbsp;&nbsp;<br><br>\n\u2022 Droit de d\u00e9terminer le sort des donn\u00e9es apr\u00e8s la mort ;&nbsp;&nbsp;<br><br>\n\u2022 Droit de saisir l\u2019autorit\u00e9 de contr\u00f4le comp\u00e9tente (article 77 du RGPD).&nbsp;&nbsp;<br><br>\n\nPour exercer vos droits, veuillez adresser votre courrier \u00e0 Marc DEBET AUREJAC au 22 Rue Sarah Bernhardt 33700 MERIGNAC ou par mail \u00e0 contact@explicitchopper.com\n<br><br>\nAfin que le responsable du traitement des donn\u00e9es puisse faire droit \u00e0 sa demande, l\u2019utilisateur peut \u00eatre tenu de lui communiquer certaines informations telles que : ses noms et pr\u00e9noms, son adresse e-mail ainsi que son num\u00e9ro de compte, d\u2019espace personnel ou d\u2019abonn\u00e9.<br><br>\nConsultez le site cnil.fr pour plus d\u2019informations sur vos droits.\n\t\t\t\t\t\t\t\t<\/div>\n\t\t\t\t<div class=\"elementor-element elementor-element-3b96529 elementor-widget elementor-widget-heading\" data-id=\"3b96529\" data-element_type=\"widget\" data-e-type=\"widget\" data-widget_type=\"heading.default\">\n\t\t\t\t\t<h2 class=\"elementor-heading-title elementor-size-default\">Article 6<\/h2>\t\t\t\t<\/div>\n\t\t\t\t<div class=\"elementor-element elementor-element-ef94960 elementor-widget elementor-widget-heading\" data-id=\"ef94960\" data-element_type=\"widget\" data-e-type=\"widget\" data-widget_type=\"heading.default\">\n\t\t\t\t\t<h2 class=\"elementor-heading-title elementor-size-default\">CONDITIONS DE MODIFICATION DE LA POLITIQUE DE CONFIDENTIALIT\u00c9\u00a0<\/h2>\t\t\t\t<\/div>\n\t\t\t\t<div class=\"elementor-element elementor-element-05e7348 elementor-widget elementor-widget-text-editor\" data-id=\"05e7348\" data-element_type=\"widget\" data-e-type=\"widget\" data-widget_type=\"text-editor.default\">\n\t\t\t\t\t\t\t\t\tL\u2019\u00e9diteur du site EXPLICITCHOPPER se r\u00e9serve le droit de pouvoir modifier la pr\u00e9sente Politique \u00e0 tout moment afin d\u2019assurer aux utilisateurs du site sa conformit\u00e9 avec le droit en vigueur.<br><br>\n\nLes \u00e9ventuelles modifications ne sauraient avoir d\u2019incidence sur les achats ant\u00e9rieurement effectu\u00e9s sur le site, lesquels restent soumis \u00e0 la Politique en vigueur au moment de l\u2019achat et telle qu\u2019accept\u00e9e par l\u2019utilisateur lors de la validation de l\u2019achat.<br><br>\nL\u2019utilisateur est invit\u00e9 \u00e0 prendre connaissance de cette Politique \u00e0 chaque fois qu\u2019il utilise nos services, sans qu\u2019il soit n\u00e9cessaire de l\u2019en pr\u00e9venir formellement.<br><br>\n\nLa pr\u00e9sente politique, \u00e9dit\u00e9e le 17\/02\/2026, a \u00e9t\u00e9 mise \u00e0 jour le 17\/02\/2026.\t\t\t\t\t\t\t\t<\/div>\n\t\t\t\t\t<\/div>\n\t\t<\/div>\n\t\t\t\t\t<\/div>\n\t\t<\/section>\n\t\t\t\t<\/div>","protected":false},"excerpt":{"rendered":"<p>Politique de confidentialit\u00e9 Article 1 PR\u00c9AMBULE La pr\u00e9sente politique de confidentialit\u00e9 a pour but d\u2019informer les utilisateurs du site : \u2022 Sur la mani\u00e8re dont sont collect\u00e9es leurs donn\u00e9es personnelles. Sont consid\u00e9r\u00e9es comme des donn\u00e9es personnelles, toute information permettant d\u2019identifier un utilisateur. A ce titre, il peut s\u2019agir : de ses noms et pr\u00e9noms, de [&hellip;]<\/p>\n","protected":false},"author":1,"featured_media":0,"parent":0,"menu_order":0,"comment_status":"closed","ping_status":"open","template":"","meta":{"footnotes":""},"class_list":["post-3","page","type-page","status-publish","hentry"],"_hostinger_reach_plugin_has_subscription_block":false,"_hostinger_reach_plugin_is_elementor":false,"jetpack_sharing_enabled":true,"_links":{"self":[{"href":"https:\/\/explicitchopper.com\/en\/wp-json\/wp\/v2\/pages\/3","targetHints":{"allow":["GET"]}}],"collection":[{"href":"https:\/\/explicitchopper.com\/en\/wp-json\/wp\/v2\/pages"}],"about":[{"href":"https:\/\/explicitchopper.com\/en\/wp-json\/wp\/v2\/types\/page"}],"author":[{"embeddable":true,"href":"https:\/\/explicitchopper.com\/en\/wp-json\/wp\/v2\/users\/1"}],"replies":[{"embeddable":true,"href":"https:\/\/explicitchopper.com\/en\/wp-json\/wp\/v2\/comments?post=3"}],"version-history":[{"count":48,"href":"https:\/\/explicitchopper.com\/en\/wp-json\/wp\/v2\/pages\/3\/revisions"}],"predecessor-version":[{"id":1646,"href":"https:\/\/explicitchopper.com\/en\/wp-json\/wp\/v2\/pages\/3\/revisions\/1646"}],"wp:attachment":[{"href":"https:\/\/explicitchopper.com\/en\/wp-json\/wp\/v2\/media?parent=3"}],"curies":[{"name":"wp","href":"https:\/\/api.w.org\/{rel}","templated":true}]}}