{"id":1653,"date":"2026-03-01T19:40:13","date_gmt":"2026-03-01T19:40:13","guid":{"rendered":"https:\/\/explicitchopper.com\/?page_id=1653"},"modified":"2026-03-01T19:49:04","modified_gmt":"2026-03-01T19:49:04","slug":"droit-de-retractation-retours","status":"publish","type":"page","link":"https:\/\/explicitchopper.com\/en\/droit-de-retractation-retours\/","title":{"rendered":"Droit de R\u00e9tractation &amp; Retours"},"content":{"rendered":"<div data-elementor-type=\"wp-page\" data-elementor-id=\"1653\" class=\"elementor elementor-1653\" data-elementor-post-type=\"page\">\n\t\t\t\t\t\t<section class=\"elementor-section elementor-top-section elementor-element elementor-element-83fbbdf elementor-section-boxed elementor-section-height-default elementor-section-height-default\" data-id=\"83fbbdf\" data-element_type=\"section\" data-e-type=\"section\">\n\t\t\t\t\t\t<div class=\"elementor-container elementor-column-gap-default\">\n\t\t\t\t\t<div class=\"elementor-column elementor-col-100 elementor-top-column elementor-element elementor-element-9017c4c\" data-id=\"9017c4c\" data-element_type=\"column\" data-e-type=\"column\">\n\t\t\t<div class=\"elementor-widget-wrap elementor-element-populated\">\n\t\t\t\t\t\t<div class=\"elementor-element elementor-element-0a5c649 elementor-widget elementor-widget-heading\" data-id=\"0a5c649\" data-element_type=\"widget\" data-e-type=\"widget\" data-widget_type=\"heading.default\">\n\t\t\t\t\t<h2 class=\"elementor-heading-title elementor-size-default\">Droit de R\u00e9tractation \u23ae Retours \u23ae Garantie<\/h2>\t\t\t\t<\/div>\n\t\t\t\t<div class=\"elementor-element elementor-element-83b5a55 elementor-widget elementor-widget-text-editor\" data-id=\"83b5a55\" data-element_type=\"widget\" data-e-type=\"widget\" data-widget_type=\"text-editor.default\">\n\t\t\t\t\t\t\t\t\t<ul>\n<li data-start=\"5201\" data-end=\"5295\">\n<p data-start=\"5203\" data-end=\"5295\">usage r\u00e9serv\u00e9 \u00e0 la comp\u00e9tition \/ show bike si certaines pi\u00e8ces ne sont pas homologu\u00e9es route<\/p>\n<\/li>\n<li data-start=\"5296\" data-end=\"5368\">\n<p data-start=\"5298\" data-end=\"5368\">responsabilit\u00e9 en cas de modification des caract\u00e9ristiques du v\u00e9hicule<\/p>\n<\/li>\n<li data-start=\"5369\" data-end=\"5436\">\n<p data-start=\"5371\" data-end=\"5436\">conformit\u00e9 aux r\u00e9glementations locales&nbsp;<\/p>\n<\/li>\n<\/ul>\t\t\t\t\t\t\t\t<\/div>\n\t\t\t\t<div class=\"elementor-element elementor-element-1a3140c elementor-widget elementor-widget-heading\" data-id=\"1a3140c\" data-element_type=\"widget\" data-e-type=\"widget\" data-widget_type=\"heading.default\">\n\t\t\t\t\t<h2 class=\"elementor-heading-title elementor-size-default\">\ud83c\uddeb\ud83c\uddf7 France &amp; Union Europ\u00e9enne (B2C)<\/h2>\t\t\t\t<\/div>\n\t\t\t\t<div class=\"elementor-element elementor-element-71e7096 elementor-widget elementor-widget-text-editor\" data-id=\"71e7096\" data-element_type=\"widget\" data-e-type=\"widget\" data-widget_type=\"text-editor.default\">\n\t\t\t\t\t\t\t\t\t<p data-start=\"3279\" data-end=\"3302\">Conform\u00e9ment \u00e0 la loi :<\/p><p data-start=\"3304\" data-end=\"3357\">D\u00e9lai de r\u00e9tractation : <strong data-start=\"3328\" data-end=\"3340\">14 jours<\/strong> apr\u00e8s r\u00e9ception.<\/p><p data-start=\"3359\" data-end=\"3371\">Conditions :<\/p><ul data-start=\"3372\" data-end=\"3434\"><li data-start=\"3372\" data-end=\"3391\"><p data-start=\"3374\" data-end=\"3391\">produit non mont\u00e9<\/p><\/li><li data-start=\"3392\" data-end=\"3405\"><p data-start=\"3394\" data-end=\"3405\">non utilis\u00e9<\/p><\/li><li data-start=\"3406\" data-end=\"3434\"><p data-start=\"3408\" data-end=\"3434\">dans l\u2019emballage d\u2019origine<\/p><\/li><\/ul><p data-start=\"3436\" data-end=\"3490\">Remboursement sous 14 jours apr\u00e8s r\u00e9ception du retour.<\/p><p data-start=\"3492\" data-end=\"3582\">Frais de retour :<br \/>\u27a1\ufe0f \u00e0 la charge du client (sauf produit d\u00e9fectueux ou erreur du vendeur).<\/p><h3 data-start=\"3584\" data-end=\"3620\">Exceptions (pas de r\u00e9tractation)<\/h3><p data-start=\"3621\" data-end=\"3631\">Produits :<\/p><ul data-start=\"3632\" data-end=\"3691\"><li data-start=\"3632\" data-end=\"3646\"><p data-start=\"3634\" data-end=\"3646\">sur mesure<\/p><\/li><li data-start=\"3647\" data-end=\"3664\"><p data-start=\"3649\" data-end=\"3664\">personnalis\u00e9s<\/p><\/li><li data-start=\"3665\" data-end=\"3691\"><p data-start=\"3667\" data-end=\"3691\">fabriqu\u00e9s \u00e0 la demande<\/p><\/li><\/ul>\t\t\t\t\t\t\t\t<\/div>\n\t\t\t\t<div class=\"elementor-element elementor-element-fd386ee elementor-widget elementor-widget-heading\" data-id=\"fd386ee\" data-element_type=\"widget\" data-e-type=\"widget\" data-widget_type=\"heading.default\">\n\t\t\t\t\t<h2 class=\"elementor-heading-title elementor-size-default\">\ud83c\udf0d Hors Union Europ\u00e9enne (USA, Japon, international)<\/h2>\t\t\t\t<\/div>\n\t\t\t\t<div class=\"elementor-element elementor-element-cdde464 elementor-widget elementor-widget-text-editor\" data-id=\"cdde464\" data-element_type=\"widget\" data-e-type=\"widget\" data-widget_type=\"text-editor.default\">\n\t\t\t\t\t\t\t\t\t<p data-start=\"3755\" data-end=\"3795\">Pas d\u2019obligation l\u00e9gale de r\u00e9tractation.<\/p><p data-start=\"3797\" data-end=\"3860\">Politique commerciale conseill\u00e9e (au choix du client vendeur) :<\/p><p data-start=\"3862\" data-end=\"3926\">Option recommand\u00e9e :<br \/>D\u00e9lai retour : <strong data-start=\"3898\" data-end=\"3926\">14 jours apr\u00e8s r\u00e9ception<\/strong><\/p><p data-start=\"3928\" data-end=\"3940\">Conditions :<\/p><ul data-start=\"3941\" data-end=\"3989\"><li data-start=\"3941\" data-end=\"3955\"><p data-start=\"3943\" data-end=\"3955\">produit neuf<\/p><\/li><li data-start=\"3956\" data-end=\"3967\"><p data-start=\"3958\" data-end=\"3967\">non mont\u00e9<\/p><\/li><li data-start=\"3968\" data-end=\"3989\"><p data-start=\"3970\" data-end=\"3989\">emballage d\u2019origine<\/p><\/li><\/ul><p data-start=\"3991\" data-end=\"4081\">Frais de retour :<br \/>\u27a1\ufe0f enti\u00e8rement \u00e0 la charge du client<br data-start=\"4045\" data-end=\"4048\" \/>\u27a1\ufe0f frais de douane non rembours\u00e9s<\/p>\t\t\t\t\t\t\t\t<\/div>\n\t\t\t\t<div class=\"elementor-element elementor-element-58c4297 elementor-widget elementor-widget-heading\" data-id=\"58c4297\" data-element_type=\"widget\" data-e-type=\"widget\" data-widget_type=\"heading.default\">\n\t\t\t\t\t<h2 class=\"elementor-heading-title elementor-size-default\">Produit d\u00e9fectueux ou erreur de commande<\/h2>\t\t\t\t<\/div>\n\t\t\t\t<div class=\"elementor-element elementor-element-ef225cf elementor-widget elementor-widget-text-editor\" data-id=\"ef225cf\" data-element_type=\"widget\" data-e-type=\"widget\" data-widget_type=\"text-editor.default\">\n\t\t\t\t\t\t\t\t\t<p data-start=\"4132\" data-end=\"4152\">Dans tous les pays :<\/p><p data-start=\"4154\" data-end=\"4211\">Le client doit contacter le SAV sous <strong data-start=\"4191\" data-end=\"4210\">48h avec photos<\/strong>.<\/p><p data-start=\"4213\" data-end=\"4223\">Solution :<\/p><ul data-start=\"4224\" data-end=\"4262\"><li data-start=\"4224\" data-end=\"4238\"><p data-start=\"4226\" data-end=\"4238\">remplacement<\/p><\/li><li data-start=\"4239\" data-end=\"4254\"><p data-start=\"4241\" data-end=\"4254\">remboursement<\/p><\/li><li data-start=\"4255\" data-end=\"4262\"><p data-start=\"4257\" data-end=\"4262\">avoir<\/p><\/li><\/ul><p data-start=\"4264\" data-end=\"4300\">Frais pris en charge par le vendeur.<\/p>\t\t\t\t\t\t\t\t<\/div>\n\t\t\t\t<div class=\"elementor-element elementor-element-73f0957 elementor-widget elementor-widget-heading\" data-id=\"73f0957\" data-element_type=\"widget\" data-e-type=\"widget\" data-widget_type=\"heading.default\">\n\t\t\t\t\t<h2 class=\"elementor-heading-title elementor-size-default\">Compatibilit\u00e9 des pi\u00e8ces<\/h2>\t\t\t\t<\/div>\n\t\t\t\t<div class=\"elementor-element elementor-element-1aeb494 elementor-widget elementor-widget-text-editor\" data-id=\"1aeb494\" data-element_type=\"widget\" data-e-type=\"widget\" data-widget_type=\"text-editor.default\">\n\t\t\t\t\t\t\t\t\t<p data-start=\"4340\" data-end=\"4372\">Le client est seul responsable :<\/p><ul data-start=\"4373\" data-end=\"4444\"><li data-start=\"4373\" data-end=\"4396\"><p data-start=\"4375\" data-end=\"4396\">du choix des produits<\/p><\/li><li data-start=\"4397\" data-end=\"4431\"><p data-start=\"4399\" data-end=\"4431\">de la compatibilit\u00e9 avec sa moto<\/p><\/li><li data-start=\"4432\" data-end=\"4444\"><p data-start=\"4434\" data-end=\"4444\">du montage<\/p><\/li><\/ul><p data-start=\"4446\" data-end=\"4496\">Le montage doit \u00eatre r\u00e9alis\u00e9 par un professionnel.<\/p><p data-start=\"4498\" data-end=\"4587\">Le vendeur ne pourra \u00eatre tenu responsable des dommages li\u00e9s \u00e0 une mauvaise installation.<\/p>\t\t\t\t\t\t\t\t<\/div>\n\t\t\t\t<div class=\"elementor-element elementor-element-2a2fdbe elementor-widget elementor-widget-heading\" data-id=\"2a2fdbe\" data-element_type=\"widget\" data-e-type=\"widget\" data-widget_type=\"heading.default\">\n\t\t\t\t\t<h2 class=\"elementor-heading-title elementor-size-default\">Garantie<\/h2>\t\t\t\t<\/div>\n\t\t\t\t<div class=\"elementor-element elementor-element-80fefbe elementor-widget elementor-widget-text-editor\" data-id=\"80fefbe\" data-element_type=\"widget\" data-e-type=\"widget\" data-widget_type=\"text-editor.default\">\n\t\t\t\t\t\t\t\t\t<p data-start=\"4612\" data-end=\"4655\">Garantie l\u00e9gale de conformit\u00e9 (clients UE).<\/p><p data-start=\"4657\" data-end=\"4672\">Ne couvre pas :<\/p><ul data-start=\"4673\" data-end=\"4741\"><li data-start=\"4673\" data-end=\"4690\"><p data-start=\"4675\" data-end=\"4690\">l\u2019usure normale<\/p><\/li><li data-start=\"4691\" data-end=\"4711\"><p data-start=\"4693\" data-end=\"4711\">un mauvais montage<\/p><\/li><li data-start=\"4712\" data-end=\"4741\"><p data-start=\"4714\" data-end=\"4741\">une modification du produit<\/p><\/li><\/ul>\t\t\t\t\t\t\t\t<\/div>\n\t\t\t\t<div class=\"elementor-element elementor-element-7236307 elementor-widget elementor-widget-heading\" data-id=\"7236307\" data-element_type=\"widget\" data-e-type=\"widget\" data-widget_type=\"heading.default\">\n\t\t\t\t\t<h2 class=\"elementor-heading-title elementor-size-default\">Litiges<\/h2>\t\t\t\t<\/div>\n\t\t\t\t<div class=\"elementor-element elementor-element-0af0141 elementor-widget elementor-widget-text-editor\" data-id=\"0af0141\" data-element_type=\"widget\" data-e-type=\"widget\" data-widget_type=\"text-editor.default\">\n\t\t\t\t\t\t\t\t\t<p data-start=\"4765\" data-end=\"4783\">En cas de litige :<\/p><p data-start=\"4785\" data-end=\"4898\">Pour les clients europ\u00e9ens :<br data-start=\"4813\" data-end=\"4816\" \/>possibilit\u00e9 d\u2019utiliser la plateforme europ\u00e9enne de r\u00e8glement en ligne des litiges.<\/p><p data-start=\"4900\" data-end=\"4945\">Tribunal comp\u00e9tent : ressort du si\u00e8ge social.<\/p>\t\t\t\t\t\t\t\t<\/div>\n\t\t\t\t<div class=\"elementor-element elementor-element-621065f elementor-widget elementor-widget-heading\" data-id=\"621065f\" data-element_type=\"widget\" data-e-type=\"widget\" data-widget_type=\"heading.default\">\n\t\t\t\t\t<h2 class=\"elementor-heading-title elementor-size-default\">Droit applicable<\/h2>\t\t\t\t<\/div>\n\t\t\t\t<div class=\"elementor-element elementor-element-1dde6d9 elementor-widget elementor-widget-text-editor\" data-id=\"1dde6d9\" data-element_type=\"widget\" data-e-type=\"widget\" data-widget_type=\"text-editor.default\">\n\t\t\t\t\t\t\t\t\t<p data-start=\"4978\" data-end=\"4993\">Droit fran\u00e7ais.<\/p><p data-start=\"4995\" data-end=\"5081\">Pour les clients internationaux :<br \/>application possible des r\u00e8gles locales imp\u00e9ratives.<\/p>\t\t\t\t\t\t\t\t<\/div>\n\t\t\t\t\t<\/div>\n\t\t<\/div>\n\t\t\t\t\t<\/div>\n\t\t<\/section>\n\t\t\t\t<\/div>","protected":false},"excerpt":{"rendered":"<p>Droit de R\u00e9tractation \u23ae Retours \u23ae Garantie usage r\u00e9serv\u00e9 \u00e0 la comp\u00e9tition \/ show bike si certaines pi\u00e8ces ne sont pas homologu\u00e9es route responsabilit\u00e9 en cas de modification des caract\u00e9ristiques du v\u00e9hicule conformit\u00e9 aux r\u00e9glementations locales&nbsp; \ud83c\uddeb\ud83c\uddf7 France &amp; Union Europ\u00e9enne (B2C) Conform\u00e9ment \u00e0 la loi : D\u00e9lai de r\u00e9tractation : 14 jours apr\u00e8s r\u00e9ception. [&hellip;]<\/p>\n","protected":false},"author":1,"featured_media":0,"parent":0,"menu_order":0,"comment_status":"closed","ping_status":"closed","template":"","meta":{"footnotes":""},"class_list":["post-1653","page","type-page","status-publish","hentry"],"_hostinger_reach_plugin_has_subscription_block":false,"_hostinger_reach_plugin_is_elementor":false,"jetpack_sharing_enabled":true,"_links":{"self":[{"href":"https:\/\/explicitchopper.com\/en\/wp-json\/wp\/v2\/pages\/1653","targetHints":{"allow":["GET"]}}],"collection":[{"href":"https:\/\/explicitchopper.com\/en\/wp-json\/wp\/v2\/pages"}],"about":[{"href":"https:\/\/explicitchopper.com\/en\/wp-json\/wp\/v2\/types\/page"}],"author":[{"embeddable":true,"href":"https:\/\/explicitchopper.com\/en\/wp-json\/wp\/v2\/users\/1"}],"replies":[{"embeddable":true,"href":"https:\/\/explicitchopper.com\/en\/wp-json\/wp\/v2\/comments?post=1653"}],"version-history":[{"count":16,"href":"https:\/\/explicitchopper.com\/en\/wp-json\/wp\/v2\/pages\/1653\/revisions"}],"predecessor-version":[{"id":1670,"href":"https:\/\/explicitchopper.com\/en\/wp-json\/wp\/v2\/pages\/1653\/revisions\/1670"}],"wp:attachment":[{"href":"https:\/\/explicitchopper.com\/en\/wp-json\/wp\/v2\/media?parent=1653"}],"curies":[{"name":"wp","href":"https:\/\/api.w.org\/{rel}","templated":true}]}}