{"id":1627,"date":"2026-03-01T19:20:22","date_gmt":"2026-03-01T19:20:22","guid":{"rendered":"https:\/\/explicitchopper.com\/?page_id=1627"},"modified":"2026-03-01T19:37:28","modified_gmt":"2026-03-01T19:37:28","slug":"conditions-generales-de-vente","status":"publish","type":"page","link":"https:\/\/explicitchopper.com\/en\/conditions-generales-de-vente\/","title":{"rendered":"Terms and Conditions"},"content":{"rendered":"<div data-elementor-type=\"wp-page\" data-elementor-id=\"1627\" class=\"elementor elementor-1627\" data-elementor-post-type=\"page\">\n\t\t\t\t\t\t<section class=\"elementor-section elementor-top-section elementor-element elementor-element-e0d045c elementor-section-boxed elementor-section-height-default elementor-section-height-default\" data-id=\"e0d045c\" data-element_type=\"section\" data-e-type=\"section\">\n\t\t\t\t\t\t<div class=\"elementor-container elementor-column-gap-default\">\n\t\t\t\t\t<div class=\"elementor-column elementor-col-100 elementor-top-column elementor-element elementor-element-e4453fe\" data-id=\"e4453fe\" data-element_type=\"column\" data-e-type=\"column\">\n\t\t\t<div class=\"elementor-widget-wrap elementor-element-populated\">\n\t\t\t\t\t\t<div class=\"elementor-element elementor-element-a100adc elementor-widget elementor-widget-heading\" data-id=\"a100adc\" data-element_type=\"widget\" data-e-type=\"widget\" data-widget_type=\"heading.default\">\n\t\t\t\t\t<h2 class=\"elementor-heading-title elementor-size-default\">Conditions G\u00e9n\u00e9rales de Vente (CGV)<\/h2>\t\t\t\t<\/div>\n\t\t\t\t<div class=\"elementor-element elementor-element-c4243b0 elementor-widget elementor-widget-heading\" data-id=\"c4243b0\" data-element_type=\"widget\" data-e-type=\"widget\" data-widget_type=\"heading.default\">\n\t\t\t\t\t<h2 class=\"elementor-heading-title elementor-size-default\">1. Objet<\/h2>\t\t\t\t<\/div>\n\t\t\t\t<div class=\"elementor-element elementor-element-280440c elementor-widget elementor-widget-text-editor\" data-id=\"280440c\" data-element_type=\"widget\" data-e-type=\"widget\" data-widget_type=\"text-editor.default\">\n\t\t\t\t\t\t\t\t\t<p>Les pr\u00e9sentes CGV r\u00e9gissent les ventes de pi\u00e8ces en aluminium et inox pour motos customis\u00e9es vendues sur le site www.explicitchopper.com<\/p>\t\t\t\t\t\t\t\t<\/div>\n\t\t\t\t<div class=\"elementor-element elementor-element-842b848 elementor-widget elementor-widget-heading\" data-id=\"842b848\" data-element_type=\"widget\" data-e-type=\"widget\" data-widget_type=\"heading.default\">\n\t\t\t\t\t<h2 class=\"elementor-heading-title elementor-size-default\">2. Produits<\/h2>\t\t\t\t<\/div>\n\t\t\t\t<div class=\"elementor-element elementor-element-90d757d elementor-widget elementor-widget-text-editor\" data-id=\"90d757d\" data-element_type=\"widget\" data-e-type=\"widget\" data-widget_type=\"text-editor.default\">\n\t\t\t\t\t\t\t\t\t<p data-start=\"2131\" data-end=\"2238\">Les produits sont d\u00e9crits avec la plus grande exactitude possible.<br data-start=\"2197\" data-end=\"2200\" \/>Les photos ne sont pas contractuelles.<\/p><p data-start=\"2240\" data-end=\"2320\">Les pi\u00e8ces sont destin\u00e9es \u00e0 la personnalisation de motos et peuvent n\u00e9cessiter :<\/p><ul data-start=\"2321\" data-end=\"2379\"><li data-start=\"2321\" data-end=\"2349\"><p data-start=\"2323\" data-end=\"2349\">des comp\u00e9tences techniques<\/p><\/li><li data-start=\"2350\" data-end=\"2379\"><p data-start=\"2352\" data-end=\"2379\">des adaptations sp\u00e9cifiques<\/p><\/li><\/ul>\t\t\t\t\t\t\t\t<\/div>\n\t\t\t\t<div class=\"elementor-element elementor-element-cfce6d3 elementor-widget elementor-widget-heading\" data-id=\"cfce6d3\" data-element_type=\"widget\" data-e-type=\"widget\" data-widget_type=\"heading.default\">\n\t\t\t\t\t<h2 class=\"elementor-heading-title elementor-size-default\">3. Prix<\/h2>\t\t\t\t<\/div>\n\t\t\t\t<div class=\"elementor-element elementor-element-ccd4d18 elementor-widget elementor-widget-text-editor\" data-id=\"ccd4d18\" data-element_type=\"widget\" data-e-type=\"widget\" data-widget_type=\"text-editor.default\">\n\t\t\t\t\t\t\t\t\t<p data-start=\"2392\" data-end=\"2416\">Les prix sont indiqu\u00e9s :<\/p><ul data-start=\"2417\" data-end=\"2502\"><li data-start=\"2417\" data-end=\"2456\"><p data-start=\"2419\" data-end=\"2456\">en euros TTC pour la France et l\u2019UE<\/p><\/li><li data-start=\"2457\" data-end=\"2502\"><p data-start=\"2459\" data-end=\"2502\">hors taxes pour les ventes hors UE (export)<\/p><\/li><\/ul><p data-start=\"2504\" data-end=\"2564\">Frais de douane et taxes locales :<br \/>\u27a1\ufe0f \u00e0 la charge du client.<\/p>\t\t\t\t\t\t\t\t<\/div>\n\t\t\t\t<div class=\"elementor-element elementor-element-35e2557 elementor-widget elementor-widget-heading\" data-id=\"35e2557\" data-element_type=\"widget\" data-e-type=\"widget\" data-widget_type=\"heading.default\">\n\t\t\t\t\t<h2 class=\"elementor-heading-title elementor-size-default\">4. Commande<\/h2>\t\t\t\t<\/div>\n\t\t\t\t<div class=\"elementor-element elementor-element-f9efcdd elementor-widget elementor-widget-text-editor\" data-id=\"f9efcdd\" data-element_type=\"widget\" data-e-type=\"widget\" data-widget_type=\"text-editor.default\">\n\t\t\t\t\t\t\t\t\t<p data-start=\"2581\" data-end=\"2612\">La commande est valid\u00e9e apr\u00e8s :<\/p><ul data-start=\"2613\" data-end=\"2656\"><li data-start=\"2613\" data-end=\"2631\"><p data-start=\"2615\" data-end=\"2631\">paiement complet<\/p><\/li><li data-start=\"2632\" data-end=\"2656\"><p data-start=\"2634\" data-end=\"2656\">confirmation par email<\/p><\/li><\/ul><p data-start=\"2658\" data-end=\"2730\">Le vendeur se r\u00e9serve le droit de refuser une commande en cas de litige.<\/p>\t\t\t\t\t\t\t\t<\/div>\n\t\t\t\t<div class=\"elementor-element elementor-element-9e4cdc5 elementor-widget elementor-widget-heading\" data-id=\"9e4cdc5\" data-element_type=\"widget\" data-e-type=\"widget\" data-widget_type=\"heading.default\">\n\t\t\t\t\t<h2 class=\"elementor-heading-title elementor-size-default\">5. Paiement<\/h2>\t\t\t\t<\/div>\n\t\t\t\t<div class=\"elementor-element elementor-element-cf98e83 elementor-widget elementor-widget-text-editor\" data-id=\"cf98e83\" data-element_type=\"widget\" data-e-type=\"widget\" data-widget_type=\"text-editor.default\">\n\t\t\t\t\t\t\t\t\t<p data-start=\"2747\" data-end=\"2776\">Moyens de paiement accept\u00e9s :<\/p><ul data-start=\"2777\" data-end=\"2819\"><li data-start=\"2777\" data-end=\"2795\"><p data-start=\"2779\" data-end=\"2795\">carte bancaire<\/p><\/li><li data-start=\"2796\" data-end=\"2806\"><p data-start=\"2798\" data-end=\"2806\">PayPal<\/p><\/li><li data-start=\"2807\" data-end=\"2819\"><p data-start=\"2809\" data-end=\"2819\">virement<\/p><\/li><\/ul><p data-start=\"2821\" data-end=\"2843\">Transaction s\u00e9curis\u00e9e.<\/p>\t\t\t\t\t\t\t\t<\/div>\n\t\t\t\t<div class=\"elementor-element elementor-element-de521bd elementor-widget elementor-widget-heading\" data-id=\"de521bd\" data-element_type=\"widget\" data-e-type=\"widget\" data-widget_type=\"heading.default\">\n\t\t\t\t\t<h2 class=\"elementor-heading-title elementor-size-default\">6. Livraison<\/h2>\t\t\t\t<\/div>\n\t\t\t\t<div class=\"elementor-element elementor-element-d1d0c59 elementor-widget elementor-widget-text-editor\" data-id=\"d1d0c59\" data-element_type=\"widget\" data-e-type=\"widget\" data-widget_type=\"text-editor.default\">\n\t\t\t\t\t\t\t\t\t<h3 data-start=\"2862\" data-end=\"2879\">Zones livr\u00e9es<\/h3><ul data-start=\"2880\" data-end=\"2952\"><li data-start=\"2880\" data-end=\"2888\"><p data-start=\"2882\" data-end=\"2888\">France<\/p><\/li><li data-start=\"2889\" data-end=\"2907\"><p data-start=\"2891\" data-end=\"2907\">Union Europ\u00e9enne<\/p><\/li><li data-start=\"2908\" data-end=\"2952\"><p data-start=\"2910\" data-end=\"2952\">International (USA, Japon, reste du monde)<\/p><\/li><\/ul><h3 data-start=\"2954\" data-end=\"2964\">D\u00e9lais<\/h3><p data-start=\"2965\" data-end=\"3006\">Les d\u00e9lais sont donn\u00e9s \u00e0 titre indicatif.<\/p><p data-start=\"3008\" data-end=\"3067\">Le vendeur ne peut \u00eatre tenu responsable des retards li\u00e9s :<\/p><ul data-start=\"3068\" data-end=\"3101\"><li data-start=\"3068\" data-end=\"3087\"><p data-start=\"3070\" data-end=\"3087\">aux transporteurs<\/p><\/li><li data-start=\"3088\" data-end=\"3101\"><p data-start=\"3090\" data-end=\"3101\">aux douanes<\/p><\/li><\/ul><h3 data-start=\"3103\" data-end=\"3128\">Transfert des risques<\/h3><p data-start=\"3129\" data-end=\"3191\">Le risque est transf\u00e9r\u00e9 \u00e0 la r\u00e9ception du colis par le client.<\/p>\t\t\t\t\t\t\t\t<\/div>\n\t\t\t\t\t<\/div>\n\t\t<\/div>\n\t\t\t\t\t<\/div>\n\t\t<\/section>\n\t\t\t\t<\/div>","protected":false},"excerpt":{"rendered":"<p>Conditions G\u00e9n\u00e9rales de Vente (CGV) 1. Objet Les pr\u00e9sentes CGV r\u00e9gissent les ventes de pi\u00e8ces en aluminium et inox pour motos customis\u00e9es vendues sur le site www.explicitchopper.com 2. Produits Les produits sont d\u00e9crits avec la plus grande exactitude possible.Les photos ne sont pas contractuelles. Les pi\u00e8ces sont destin\u00e9es \u00e0 la personnalisation de motos et peuvent [&hellip;]<\/p>\n","protected":false},"author":1,"featured_media":0,"parent":0,"menu_order":0,"comment_status":"closed","ping_status":"closed","template":"","meta":{"footnotes":""},"class_list":["post-1627","page","type-page","status-publish","hentry"],"_hostinger_reach_plugin_has_subscription_block":false,"_hostinger_reach_plugin_is_elementor":false,"jetpack_sharing_enabled":true,"_links":{"self":[{"href":"https:\/\/explicitchopper.com\/en\/wp-json\/wp\/v2\/pages\/1627","targetHints":{"allow":["GET"]}}],"collection":[{"href":"https:\/\/explicitchopper.com\/en\/wp-json\/wp\/v2\/pages"}],"about":[{"href":"https:\/\/explicitchopper.com\/en\/wp-json\/wp\/v2\/types\/page"}],"author":[{"embeddable":true,"href":"https:\/\/explicitchopper.com\/en\/wp-json\/wp\/v2\/users\/1"}],"replies":[{"embeddable":true,"href":"https:\/\/explicitchopper.com\/en\/wp-json\/wp\/v2\/comments?post=1627"}],"version-history":[{"count":13,"href":"https:\/\/explicitchopper.com\/en\/wp-json\/wp\/v2\/pages\/1627\/revisions"}],"predecessor-version":[{"id":1651,"href":"https:\/\/explicitchopper.com\/en\/wp-json\/wp\/v2\/pages\/1627\/revisions\/1651"}],"wp:attachment":[{"href":"https:\/\/explicitchopper.com\/en\/wp-json\/wp\/v2\/media?parent=1627"}],"curies":[{"name":"wp","href":"https:\/\/api.w.org\/{rel}","templated":true}]}}